{"id":26,"date":"2021-05-25T10:14:21","date_gmt":"2021-05-25T08:14:21","guid":{"rendered":"https:\/\/ngauthierphotographe.fr\/index.php\/biography\/"},"modified":"2026-04-07T16:19:38","modified_gmt":"2026-04-07T14:19:38","slug":"biographya-propos","status":"publish","type":"page","link":"https:\/\/ngauthierphotographe.fr\/index.php\/biographya-propos\/","title":{"rendered":"\u00c0 propos"},"content":{"rendered":"\t\t<div data-elementor-type=\"wp-page\" data-elementor-id=\"26\" class=\"elementor elementor-26\" data-elementor-post-type=\"page\">\n\t\t\t\t<div class=\"elementor-element elementor-element-20a714b e-con-full e-flex e-con e-parent\" data-id=\"20a714b\" data-element_type=\"container\" data-e-type=\"container\" data-settings=\"{&quot;background_background&quot;:&quot;classic&quot;}\">\n\t\t<div class=\"elementor-element elementor-element-ad83d46 e-con-full e-flex e-con e-child\" data-id=\"ad83d46\" data-element_type=\"container\" data-e-type=\"container\">\n\t\t\t\t<div class=\"elementor-element elementor-element-c116960 elementor-widget elementor-widget-heading\" data-id=\"c116960\" data-element_type=\"widget\" data-e-type=\"widget\" data-widget_type=\"heading.default\">\n\t\t\t\t<div class=\"elementor-widget-container\">\n\t\t\t\t\t<h2 class=\"elementor-heading-title elementor-size-default\">Photographe professionnelle\n<\/h2>\t\t\t\t<\/div>\n\t\t\t\t<\/div>\n\t\t\t\t<\/div>\n\t\t\t\t<\/div>\n\t\t<div class=\"elementor-element elementor-element-0049b88 e-con-full e-flex e-con e-parent\" data-id=\"0049b88\" data-element_type=\"container\" data-e-type=\"container\" data-settings=\"{&quot;background_background&quot;:&quot;classic&quot;}\">\n\t\t<div class=\"elementor-element elementor-element-c5fa808 e-con-full e-flex e-con e-child\" data-id=\"c5fa808\" data-element_type=\"container\" data-e-type=\"container\">\n\t\t\t\t<div class=\"elementor-element elementor-element-d64e43d elementor-widget elementor-widget-heading\" data-id=\"d64e43d\" data-element_type=\"widget\" data-e-type=\"widget\" data-widget_type=\"heading.default\">\n\t\t\t\t<div class=\"elementor-widget-container\">\n\t\t\t\t\t<h2 class=\"elementor-heading-title elementor-size-default\">Photographe de mariage et s\u00e9ance lifestyle <\/h2>\t\t\t\t<\/div>\n\t\t\t\t<\/div>\n\t\t\t\t<\/div>\n\t\t\t\t<\/div>\n\t\t<div class=\"elementor-element elementor-element-f85fe1c e-flex e-con-boxed e-con e-parent\" data-id=\"f85fe1c\" data-element_type=\"container\" data-e-type=\"container\" data-settings=\"{&quot;background_background&quot;:&quot;classic&quot;}\">\n\t\t\t\t\t<div class=\"e-con-inner\">\n\t\t<div class=\"elementor-element elementor-element-070c67a e-con-full e-flex e-con e-child\" data-id=\"070c67a\" data-element_type=\"container\" data-e-type=\"container\">\n\t\t\t\t<div class=\"elementor-element elementor-element-4c34038 elementor-widget elementor-widget-heading\" data-id=\"4c34038\" data-element_type=\"widget\" data-e-type=\"widget\" data-widget_type=\"heading.default\">\n\t\t\t\t<div class=\"elementor-widget-container\">\n\t\t\t\t\t<h4 class=\"elementor-heading-title elementor-size-default\">Hello, moi c'est Nicoleta !<\/h4>\t\t\t\t<\/div>\n\t\t\t\t<\/div>\n\t\t\t\t<div class=\"elementor-element elementor-element-451dbc2 elementor-widget__width-initial elementor-widget elementor-widget-text-editor\" data-id=\"451dbc2\" data-element_type=\"widget\" data-e-type=\"widget\" data-widget_type=\"text-editor.default\">\n\t\t\t\t<div class=\"elementor-widget-container\">\n\t\t\t\t\t\t\t\t\t<p>De naissance roumaine, d&#8217;adoption fran\u00e7aise. J&#8217;ai 39 ans. J&#8217;ai rencontr\u00e9 mon mari il y a plus de 7 ans \u00e0 Troyes et c&#8217;est l\u00e0 quand j&#8217;ai d\u00e9cid\u00e9 de d\u00e9m\u00e9nager en France. <strong>Amoureuse de la photographie<\/strong> depuis toujours, j&#8217;ai renonc\u00e9 \u00e0 mon m\u00e9tier de contr\u00f4leuse de gestion pour poursuivre ma passion.<\/p><p>J&#8217;aime photographier les gens tels qu&#8217;ils sont. Pour cela, je travaille principalement sur l<strong>e vif et sur l&#8217;instant<\/strong>, car seul <strong>le naturel est vrai et intemporel<\/strong>. Le mode &#8220;reportage&#8221; montre le naturel et permet de retranscrire les <strong>\u00e9motions spontan\u00e9es<\/strong> et l\u2019atmosph\u00e8re de l\u2019instant pour que vous puissiez ensuite revivre tous ces bons moments au travers de souvenirs au fil des ann\u00e9es.<\/p><p>Depuis que j&#8217;ai pris mon premier appareil photo entre mes mains, il y a des nombreuses ann\u00e9es, la photographie est devenue bien plus qu&#8217;une simple passion pour moi. C&#8217;est devenu mon <strong>moyen d&#8217;expression<\/strong>, ma fa\u00e7on de capturer le monde tel que je le per\u00e7ois. Je m&#8217;appelle Nicoleta et je suis une <strong>photographe passionn\u00e9e<\/strong> qui cherche \u00e0 raconter des histoires \u00e0 travers mon objectif.<\/p>\t\t\t\t\t\t\t\t<\/div>\n\t\t\t\t<\/div>\n\t\t\t\t<\/div>\n\t\t<div class=\"elementor-element elementor-element-2ba6e89 e-con-full e-flex e-con e-child\" data-id=\"2ba6e89\" data-element_type=\"container\" data-e-type=\"container\">\n\t\t\t\t<div class=\"elementor-element elementor-element-3e18f5b elementor-widget__width-initial elementor-widget elementor-widget-image\" data-id=\"3e18f5b\" data-element_type=\"widget\" data-e-type=\"widget\" data-widget_type=\"image.default\">\n\t\t\t\t<div class=\"elementor-widget-container\">\n\t\t\t\t\t\t\t\t\t\t\t\t<figure class=\"wp-caption\">\n\t\t\t\t\t\t\t\t\t\t<img fetchpriority=\"high\" decoding=\"async\" width=\"1707\" height=\"2560\" src=\"https:\/\/ngauthierphotographe.fr\/wp-content\/uploads\/2024\/01\/9JF_3318-scaled.jpg\" class=\"attachment-full size-full wp-image-1424\" alt=\"\" srcset=\"https:\/\/ngauthierphotographe.fr\/wp-content\/uploads\/2024\/01\/9JF_3318-scaled.jpg 1707w, https:\/\/ngauthierphotographe.fr\/wp-content\/uploads\/2024\/01\/9JF_3318-200x300.jpg 200w, https:\/\/ngauthierphotographe.fr\/wp-content\/uploads\/2024\/01\/9JF_3318-683x1024.jpg 683w, https:\/\/ngauthierphotographe.fr\/wp-content\/uploads\/2024\/01\/9JF_3318-768x1152.jpg 768w, https:\/\/ngauthierphotographe.fr\/wp-content\/uploads\/2024\/01\/9JF_3318-1024x1536.jpg 1024w, https:\/\/ngauthierphotographe.fr\/wp-content\/uploads\/2024\/01\/9JF_3318-1365x2048.jpg 1365w\" sizes=\"(max-width: 1707px) 100vw, 1707px\" \/>\t\t\t\t\t\t\t\t\t\t\t<figcaption class=\"widget-image-caption wp-caption-text\">@9janvier.photographie<\/figcaption>\n\t\t\t\t\t\t\t\t\t\t<\/figure>\n\t\t\t\t\t\t\t\t\t<\/div>\n\t\t\t\t<\/div>\n\t\t\t\t<\/div>\n\t\t\t\t\t<\/div>\n\t\t\t\t<\/div>\n\t\t<div class=\"elementor-element elementor-element-49c6e54 e-con-full e-flex e-con e-parent\" data-id=\"49c6e54\" data-element_type=\"container\" data-e-type=\"container\" data-settings=\"{&quot;background_background&quot;:&quot;classic&quot;}\">\n\t\t\t\t<\/div>\n\t\t<div class=\"elementor-element elementor-element-78b5526 e-con-full e-flex e-con e-parent\" data-id=\"78b5526\" data-element_type=\"container\" data-e-type=\"container\" data-settings=\"{&quot;background_background&quot;:&quot;classic&quot;}\">\n\t\t\t\t<div class=\"elementor-element elementor-element-ae22dba elementor-widget elementor-widget-heading\" data-id=\"ae22dba\" data-element_type=\"widget\" data-e-type=\"widget\" data-widget_type=\"heading.default\">\n\t\t\t\t<div class=\"elementor-widget-container\">\n\t\t\t\t\t<h4 class=\"elementor-heading-title elementor-size-default\">UN PEU PLUS SUR MOI, EN VRAC<\/h4>\t\t\t\t<\/div>\n\t\t\t\t<\/div>\n\t\t\t\t<div class=\"elementor-element elementor-element-e639692 elementor-widget elementor-widget-spacer\" data-id=\"e639692\" data-element_type=\"widget\" data-e-type=\"widget\" data-widget_type=\"spacer.default\">\n\t\t\t\t<div class=\"elementor-widget-container\">\n\t\t\t\t\t\t\t<div class=\"elementor-spacer\">\n\t\t\t<div class=\"elementor-spacer-inner\"><\/div>\n\t\t<\/div>\n\t\t\t\t\t\t<\/div>\n\t\t\t\t<\/div>\n\t\t<div class=\"elementor-element elementor-element-a52f6a6 e-flex e-con-boxed e-con e-child\" data-id=\"a52f6a6\" data-element_type=\"container\" data-e-type=\"container\">\n\t\t\t\t\t<div class=\"e-con-inner\">\n\t\t\t\t<div class=\"elementor-element elementor-element-e464c5d elementor-widget__width-initial elementor-widget elementor-widget-image\" data-id=\"e464c5d\" data-element_type=\"widget\" data-e-type=\"widget\" data-widget_type=\"image.default\">\n\t\t\t\t<div class=\"elementor-widget-container\">\n\t\t\t\t\t\t\t\t\t\t\t\t\t\t\t<img decoding=\"async\" width=\"2048\" height=\"1365\" src=\"https:\/\/ngauthierphotographe.fr\/wp-content\/uploads\/2024\/01\/9JF_3453-2.jpg\" class=\"attachment-full size-full wp-image-1423\" alt=\"\" srcset=\"https:\/\/ngauthierphotographe.fr\/wp-content\/uploads\/2024\/01\/9JF_3453-2.jpg 2048w, https:\/\/ngauthierphotographe.fr\/wp-content\/uploads\/2024\/01\/9JF_3453-2-300x200.jpg 300w, https:\/\/ngauthierphotographe.fr\/wp-content\/uploads\/2024\/01\/9JF_3453-2-1024x683.jpg 1024w, https:\/\/ngauthierphotographe.fr\/wp-content\/uploads\/2024\/01\/9JF_3453-2-768x512.jpg 768w, https:\/\/ngauthierphotographe.fr\/wp-content\/uploads\/2024\/01\/9JF_3453-2-1536x1024.jpg 1536w\" sizes=\"(max-width: 2048px) 100vw, 2048px\" \/>\t\t\t\t\t\t\t\t\t\t\t\t\t\t\t<\/div>\n\t\t\t\t<\/div>\n\t\t<div class=\"elementor-element elementor-element-9bc42c6 e-flex e-con-boxed e-con e-child\" data-id=\"9bc42c6\" data-element_type=\"container\" data-e-type=\"container\">\n\t\t\t\t\t<div class=\"e-con-inner\">\n\t\t\t\t<div class=\"elementor-element elementor-element-71c6f59 elementor-widget__width-initial elementor-widget elementor-widget-text-editor\" data-id=\"71c6f59\" data-element_type=\"widget\" data-e-type=\"widget\" data-widget_type=\"text-editor.default\">\n\t\t\t\t<div class=\"elementor-widget-container\">\n\t\t\t\t\t\t\t\t\t<ul>\n<li><span class=\"OYPEnA text-decoration-none text-strikethrough-none\">Je parle 6 langues \u00e9trang\u00e8res; j&#8217;ai toujours aim\u00e9 parler avec les gens dans leurs propre langue<\/span><\/li>\n<li><span class=\"OYPEnA text-decoration-none text-strikethrough-none\">Depuis que j&#8217;ai 6 ans j&#8217;ai toujours souhait\u00e9 de voyager et conna\u00eetre le monde<\/span><\/li>\n<li><span class=\"OYPEnA text-decoration-none text-strikethrough-none\">J&#8217;adore Harry Potter et j&#8217;aimerais que la magie existe<\/span><\/li><li><span class=\"OYPEnA text-decoration-none text-strikethrough-none\">J&#8217;ai un chat qui s&#8217;appelle Bella et elle aime sortir en laisse pour se balader dehors (comme un chien)<\/span><\/li>\n<li><span class=\"OYPEnA text-decoration-none text-strikethrough-none\">Je suis hypersensible, ce n&#8217;est pas toujours facile a surmonter les moments difficiles<\/span><\/li>\n<\/ul>\t\t\t\t\t\t\t\t<\/div>\n\t\t\t\t<\/div>\n\t\t\t\t\t<\/div>\n\t\t\t\t<\/div>\n\t\t\t\t\t<\/div>\n\t\t\t\t<\/div>\n\t\t<div class=\"elementor-element elementor-element-18f8e40 e-flex e-con-boxed e-con e-child\" data-id=\"18f8e40\" data-element_type=\"container\" data-e-type=\"container\">\n\t\t\t\t\t<div class=\"e-con-inner\">\n\t\t\t\t<div class=\"elementor-element elementor-element-bd4efa1 elementor-widget elementor-widget-spacer\" data-id=\"bd4efa1\" data-element_type=\"widget\" data-e-type=\"widget\" data-widget_type=\"spacer.default\">\n\t\t\t\t<div class=\"elementor-widget-container\">\n\t\t\t\t\t\t\t<div class=\"elementor-spacer\">\n\t\t\t<div class=\"elementor-spacer-inner\"><\/div>\n\t\t<\/div>\n\t\t\t\t\t\t<\/div>\n\t\t\t\t<\/div>\n\t\t\t\t<div class=\"elementor-element elementor-element-635f44c elementor-widget elementor-widget-button\" data-id=\"635f44c\" data-element_type=\"widget\" data-e-type=\"widget\" data-widget_type=\"button.default\">\n\t\t\t\t<div class=\"elementor-widget-container\">\n\t\t\t\t\t\t\t\t\t<div class=\"elementor-button-wrapper\">\n\t\t\t\t\t<a class=\"elementor-button elementor-button-link elementor-size-sm\" href=\"#\">\n\t\t\t\t\t\t<span class=\"elementor-button-content-wrapper\">\n\t\t\t\t\t\t\t\t\t<span class=\"elementor-button-text\">On papote<\/span>\n\t\t\t\t\t<\/span>\n\t\t\t\t\t<\/a>\n\t\t\t\t<\/div>\n\t\t\t\t\t\t\t\t<\/div>\n\t\t\t\t<\/div>\n\t\t\t\t\t<\/div>\n\t\t\t\t<\/div>\n\t\t\t\t<\/div>\n\t\t<div class=\"elementor-element elementor-element-8a6d9a5 e-flex e-con-boxed e-con e-parent\" data-id=\"8a6d9a5\" data-element_type=\"container\" data-e-type=\"container\" data-settings=\"{&quot;background_background&quot;:&quot;classic&quot;}\">\n\t\t\t\t\t<div class=\"e-con-inner\">\n\t\t<div class=\"elementor-element elementor-element-bbece06 e-flex e-con-boxed e-con e-child\" data-id=\"bbece06\" data-element_type=\"container\" data-e-type=\"container\" data-settings=\"{&quot;background_background&quot;:&quot;classic&quot;}\">\n\t\t\t\t\t<div class=\"e-con-inner\">\n\t\t\t\t<div class=\"elementor-element elementor-element-ac4134b elementor-widget elementor-widget-heading\" data-id=\"ac4134b\" data-element_type=\"widget\" data-e-type=\"widget\" data-widget_type=\"heading.default\">\n\t\t\t\t<div class=\"elementor-widget-container\">\n\t\t\t\t\t<h4 class=\"elementor-heading-title elementor-size-default\">Ce que j'aime<\/h4>\t\t\t\t<\/div>\n\t\t\t\t<\/div>\n\t\t\t\t<div class=\"elementor-element elementor-element-e1c0c87 elementor-widget elementor-widget-spacer\" data-id=\"e1c0c87\" data-element_type=\"widget\" data-e-type=\"widget\" data-widget_type=\"spacer.default\">\n\t\t\t\t<div class=\"elementor-widget-container\">\n\t\t\t\t\t\t\t<div class=\"elementor-spacer\">\n\t\t\t<div class=\"elementor-spacer-inner\"><\/div>\n\t\t<\/div>\n\t\t\t\t\t\t<\/div>\n\t\t\t\t<\/div>\n\t\t\t\t<div class=\"elementor-element elementor-element-e8590f4 elementor-widget elementor-widget-text-editor\" data-id=\"e8590f4\" data-element_type=\"widget\" data-e-type=\"widget\" data-widget_type=\"text-editor.default\">\n\t\t\t\t<div class=\"elementor-widget-container\">\n\t\t\t\t\t\t\t\t\t<p>Voyager &#8211; partout dans le monde (j&#8217;ai pass\u00e9 7 mois en Nouvelle-Z\u00e9lande et 3 mois ne Polyn\u00e9sie Fran\u00e7aise) &#8211; d\u00e9couvrir d&#8217;autres cultures &#8211; \u00a0la s\u00e9rie Friends (je l&#8217;ai regard\u00e9 au moins 4 fois) \u2013 les randonn\u00e9es \u00e0 la montagne \u2013 skier m\u00eame si j&#8217;ai commenc\u00e9 avec le snowboard \u2013 dormir \u00e0 midi sous un parasol sur la plage &#8211; le fromage (je compte faire une liste :))) \u2013 le chocolat &#8211; le vin \u2013 les road trips \u2013 les retrouvailles avec la famille et les ami(e)s \u2013 manger (je suis une gourmande) \u2013 les romans policiers\/les s\u00e9ries polici\u00e8res\/ les enqu\u00eates criminelles et psychologique \u00a0\u2013 le th\u00e9\u00a0<\/p>\t\t\t\t\t\t\t\t<\/div>\n\t\t\t\t<\/div>\n\t\t\t\t\t<\/div>\n\t\t\t\t<\/div>\n\t\t\t\t\t<\/div>\n\t\t\t\t<\/div>\n\t\t<div class=\"elementor-element elementor-element-42d1e3b e-flex e-con-boxed e-con e-parent\" data-id=\"42d1e3b\" data-element_type=\"container\" data-e-type=\"container\" data-settings=\"{&quot;background_background&quot;:&quot;classic&quot;}\">\n\t\t\t\t\t<div class=\"e-con-inner\">\n\t\t\t\t<div class=\"elementor-element elementor-element-42f382f elementor-widget elementor-widget-heading\" data-id=\"42f382f\" data-element_type=\"widget\" data-e-type=\"widget\" data-widget_type=\"heading.default\">\n\t\t\t\t<div class=\"elementor-widget-container\">\n\t\t\t\t\t<h4 class=\"elementor-heading-title elementor-size-default\">Quelques photos de mes voyages<\/h4>\t\t\t\t<\/div>\n\t\t\t\t<\/div>\n\t\t\t\t<div class=\"elementor-element elementor-element-06eb6d2 elementor-widget elementor-widget-spacer\" data-id=\"06eb6d2\" data-element_type=\"widget\" data-e-type=\"widget\" data-widget_type=\"spacer.default\">\n\t\t\t\t<div class=\"elementor-widget-container\">\n\t\t\t\t\t\t\t<div class=\"elementor-spacer\">\n\t\t\t<div class=\"elementor-spacer-inner\"><\/div>\n\t\t<\/div>\n\t\t\t\t\t\t<\/div>\n\t\t\t\t<\/div>\n\t\t\t\t\t<\/div>\n\t\t\t\t<\/div>\n\t\t\t\t<section class=\"elementor-section elementor-top-section elementor-element elementor-element-d31d1bb elementor-section-full_width elementor-section-height-default elementor-section-height-default\" data-id=\"d31d1bb\" data-element_type=\"section\" data-e-type=\"section\" data-settings=\"{&quot;background_background&quot;:&quot;classic&quot;}\">\n\t\t\t\t\t\t<div class=\"elementor-container elementor-column-gap-no\">\n\t\t\t\t\t<div class=\"elementor-column elementor-col-100 elementor-top-column elementor-element elementor-element-9098fe8\" data-id=\"9098fe8\" data-element_type=\"column\" data-e-type=\"column\">\n\t\t\t<div class=\"elementor-widget-wrap elementor-element-populated\">\n\t\t\t\t\t\t<div class=\"elementor-element elementor-element-5f8b5cc elementor-arrows-position-inside elementor-pagination-position-outside elementor-widget elementor-widget-image-carousel\" data-id=\"5f8b5cc\" data-element_type=\"widget\" data-e-type=\"widget\" data-settings=\"{&quot;image_spacing_custom&quot;:{&quot;unit&quot;:&quot;px&quot;,&quot;size&quot;:2,&quot;sizes&quot;:[]},&quot;navigation&quot;:&quot;both&quot;,&quot;autoplay&quot;:&quot;yes&quot;,&quot;pause_on_hover&quot;:&quot;yes&quot;,&quot;pause_on_interaction&quot;:&quot;yes&quot;,&quot;autoplay_speed&quot;:5000,&quot;infinite&quot;:&quot;yes&quot;,&quot;speed&quot;:500,&quot;image_spacing_custom_tablet&quot;:{&quot;unit&quot;:&quot;px&quot;,&quot;size&quot;:&quot;&quot;,&quot;sizes&quot;:[]},&quot;image_spacing_custom_mobile&quot;:{&quot;unit&quot;:&quot;px&quot;,&quot;size&quot;:&quot;&quot;,&quot;sizes&quot;:[]}}\" data-widget_type=\"image-carousel.default\">\n\t\t\t\t<div class=\"elementor-widget-container\">\n\t\t\t\t\t\t\t<div class=\"elementor-image-carousel-wrapper swiper\" role=\"region\" aria-roledescription=\"carousel\" aria-label=\"Image Carousel\" dir=\"ltr\">\n\t\t\t<div class=\"elementor-image-carousel swiper-wrapper\" aria-live=\"off\">\n\t\t\t\t\t\t\t\t<div class=\"swiper-slide\" role=\"group\" aria-roledescription=\"slide\" aria-label=\"1 of 9\"><figure class=\"swiper-slide-inner\"><img decoding=\"async\" class=\"swiper-slide-image\" src=\"https:\/\/ngauthierphotographe.fr\/wp-content\/uploads\/2023\/11\/DSC02994-768x1151.jpg\" alt=\"DSC02994\" \/><\/figure><\/div><div class=\"swiper-slide\" role=\"group\" aria-roledescription=\"slide\" aria-label=\"2 of 9\"><figure class=\"swiper-slide-inner\"><img decoding=\"async\" class=\"swiper-slide-image\" src=\"https:\/\/ngauthierphotographe.fr\/wp-content\/uploads\/2023\/11\/DSC03129-768x1151.jpg\" alt=\"DSC03129\" \/><\/figure><\/div><div class=\"swiper-slide\" role=\"group\" aria-roledescription=\"slide\" aria-label=\"3 of 9\"><figure class=\"swiper-slide-inner\"><img decoding=\"async\" class=\"swiper-slide-image\" src=\"https:\/\/ngauthierphotographe.fr\/wp-content\/uploads\/2023\/11\/DSC03172-768x1151.jpg\" alt=\"DSC03172\" \/><\/figure><\/div><div class=\"swiper-slide\" role=\"group\" aria-roledescription=\"slide\" aria-label=\"4 of 9\"><figure class=\"swiper-slide-inner\"><img decoding=\"async\" class=\"swiper-slide-image\" src=\"https:\/\/ngauthierphotographe.fr\/wp-content\/uploads\/2023\/11\/DSC03243-768x1151.jpg\" alt=\"Nicoleta Gauthier\" \/><\/figure><\/div><div class=\"swiper-slide\" role=\"group\" aria-roledescription=\"slide\" aria-label=\"5 of 9\"><figure class=\"swiper-slide-inner\"><img decoding=\"async\" class=\"swiper-slide-image\" src=\"https:\/\/ngauthierphotographe.fr\/wp-content\/uploads\/2023\/11\/DSC03330-768x1151.jpg\" alt=\"DSC03330\" \/><\/figure><\/div><div class=\"swiper-slide\" role=\"group\" aria-roledescription=\"slide\" aria-label=\"6 of 9\"><figure class=\"swiper-slide-inner\"><img decoding=\"async\" class=\"swiper-slide-image\" src=\"https:\/\/ngauthierphotographe.fr\/wp-content\/uploads\/2023\/11\/DSC03352-2-768x1151.jpg\" alt=\"DSC03352-2\" \/><\/figure><\/div><div class=\"swiper-slide\" role=\"group\" aria-roledescription=\"slide\" aria-label=\"7 of 9\"><figure class=\"swiper-slide-inner\"><img decoding=\"async\" class=\"swiper-slide-image\" src=\"https:\/\/ngauthierphotographe.fr\/wp-content\/uploads\/2023\/11\/DSC03392-768x1151.jpg\" alt=\"DSC03392\" \/><\/figure><\/div><div class=\"swiper-slide\" role=\"group\" aria-roledescription=\"slide\" aria-label=\"8 of 9\"><figure class=\"swiper-slide-inner\"><img decoding=\"async\" class=\"swiper-slide-image\" src=\"https:\/\/ngauthierphotographe.fr\/wp-content\/uploads\/2023\/11\/DSC03589-768x1151.jpg\" alt=\"DSC03589\" \/><\/figure><\/div><div class=\"swiper-slide\" role=\"group\" aria-roledescription=\"slide\" aria-label=\"9 of 9\"><figure class=\"swiper-slide-inner\"><img decoding=\"async\" class=\"swiper-slide-image\" src=\"https:\/\/ngauthierphotographe.fr\/wp-content\/uploads\/2023\/11\/DSC03623-768x1151.jpg\" alt=\"DSC03623\" \/><\/figure><\/div>\t\t\t<\/div>\n\t\t\t\t\t\t\t\t\t\t\t\t<div class=\"elementor-swiper-button elementor-swiper-button-prev\" role=\"button\" tabindex=\"0\">\n\t\t\t\t\t\t<i aria-hidden=\"true\" class=\"eicon-chevron-left\"><\/i>\t\t\t\t\t<\/div>\n\t\t\t\t\t<div class=\"elementor-swiper-button elementor-swiper-button-next\" role=\"button\" tabindex=\"0\">\n\t\t\t\t\t\t<i aria-hidden=\"true\" class=\"eicon-chevron-right\"><\/i>\t\t\t\t\t<\/div>\n\t\t\t\t\n\t\t\t\t\t\t\t\t\t<div class=\"swiper-pagination\"><\/div>\n\t\t\t\t\t\t\t\t\t<\/div>\n\t\t\t\t\t\t<\/div>\n\t\t\t\t<\/div>\n\t\t\t\t\t<\/div>\n\t\t<\/div>\n\t\t\t\t\t<\/div>\n\t\t<\/section>\n\t\t\t\t<\/div>\n\t\t","protected":false},"excerpt":{"rendered":"<p>Photographe professionnelle Photographe de mariage et s\u00e9ance lifestyle Hello, moi c&#8217;est Nicoleta ! De naissance roumaine, d&#8217;adoption fran\u00e7aise. J&#8217;ai 39 ans. J&#8217;ai rencontr\u00e9 mon mari il y a plus de 7 ans \u00e0 Troyes et c&#8217;est l\u00e0 quand j&#8217;ai d\u00e9cid\u00e9 de d\u00e9m\u00e9nager en France. Amoureuse de la photographie depuis toujours, j&#8217;ai renonc\u00e9 \u00e0 mon m\u00e9tier [&hellip;]<\/p>\n","protected":false},"author":1,"featured_media":0,"parent":0,"menu_order":0,"comment_status":"closed","ping_status":"closed","template":"elementor_header_footer","meta":{"footnotes":""},"class_list":["post-26","page","type-page","status-publish","hentry"],"_links":{"self":[{"href":"https:\/\/ngauthierphotographe.fr\/index.php\/wp-json\/wp\/v2\/pages\/26","targetHints":{"allow":["GET"]}}],"collection":[{"href":"https:\/\/ngauthierphotographe.fr\/index.php\/wp-json\/wp\/v2\/pages"}],"about":[{"href":"https:\/\/ngauthierphotographe.fr\/index.php\/wp-json\/wp\/v2\/types\/page"}],"author":[{"embeddable":true,"href":"https:\/\/ngauthierphotographe.fr\/index.php\/wp-json\/wp\/v2\/users\/1"}],"replies":[{"embeddable":true,"href":"https:\/\/ngauthierphotographe.fr\/index.php\/wp-json\/wp\/v2\/comments?post=26"}],"version-history":[{"count":123,"href":"https:\/\/ngauthierphotographe.fr\/index.php\/wp-json\/wp\/v2\/pages\/26\/revisions"}],"predecessor-version":[{"id":2467,"href":"https:\/\/ngauthierphotographe.fr\/index.php\/wp-json\/wp\/v2\/pages\/26\/revisions\/2467"}],"wp:attachment":[{"href":"https:\/\/ngauthierphotographe.fr\/index.php\/wp-json\/wp\/v2\/media?parent=26"}],"curies":[{"name":"wp","href":"https:\/\/api.w.org\/{rel}","templated":true}]}}